{"id":104,"date":"2021-01-03T01:55:17","date_gmt":"2021-01-03T00:55:17","guid":{"rendered":"https:\/\/obs.hr\/potres\/?page_id=104"},"modified":"2021-01-12T16:56:31","modified_gmt":"2021-01-12T15:56:31","slug":"uskoro-vise-informacija","status":"publish","type":"page","link":"https:\/\/obs.hr\/potres\/uskoro-vise-informacija\/","title":{"rendered":"Informacije za zdravstvene radnike!"},"content":{"rendered":"<p>Obavje\u0161tavamo Vas kako se klju\u010dne zgrade ginekologije, kirurgije, oftalmologije i dijalize Op\u0107e bolnice &#8216;Dr. Ivo Pedi\u0161i\u0107&#8217; Sisak, nakon drugog detaljnog pregleda stati\u010dara i pozitivnih procjena stanja zgrada, vra\u0107aju u funkciju.<\/p>\n<p>Uspostavljen je rad pojedinih ambulanti koje \u0107e trenutno primati prioritetna stanja, \u010diji je raspored rada dostupan na <a href=\"https:\/\/obs.hr\/potres\/2021\/01\/12\/raspored-rada-ambulanti\/\" target=\"_blank\" rel=\"noopener noreferrer\">poveznici<\/a>.<\/p>\n<p>Popis rada ambulanti kontinuirano \u0107e se a\u017eurirati u nadolaze\u0107im danima. Sve informacije biti \u0107e dostupne na stranicama Op\u0107e bolnice &#8216;Dr. Ivo Pedi\u0161i\u0107&#8217; Sisak.<\/p>\n","protected":false},"excerpt":{"rendered":"<p>Obavje\u0161tavamo Vas kako se klju\u010dne zgrade ginekologije, kirurgije, oftalmologije i dijalize Op\u0107e bolnice &#8216;Dr. Ivo Pedi\u0161i\u0107&#8217; Sisak, nakon drugog detaljnog pregleda stati\u010dara i pozitivnih procjena stanja zgrada, vra\u0107aju u funkciju. Uspostavljen je rad pojedinih ambulanti koje \u0107e trenutno primati prioritetna stanja, \u010diji je raspored rada dostupan na poveznici. Popis rada ambulanti kontinuirano \u0107e se a\u017eurirati [&hellip;]<\/p>\n","protected":false},"author":1,"featured_media":0,"parent":0,"menu_order":0,"comment_status":"closed","ping_status":"closed","template":"","meta":{"spay_email":""},"_links":{"self":[{"href":"https:\/\/obs.hr\/potres\/wp-json\/wp\/v2\/pages\/104"}],"collection":[{"href":"https:\/\/obs.hr\/potres\/wp-json\/wp\/v2\/pages"}],"about":[{"href":"https:\/\/obs.hr\/potres\/wp-json\/wp\/v2\/types\/page"}],"author":[{"embeddable":true,"href":"https:\/\/obs.hr\/potres\/wp-json\/wp\/v2\/users\/1"}],"replies":[{"embeddable":true,"href":"https:\/\/obs.hr\/potres\/wp-json\/wp\/v2\/comments?post=104"}],"version-history":[{"count":5,"href":"https:\/\/obs.hr\/potres\/wp-json\/wp\/v2\/pages\/104\/revisions"}],"predecessor-version":[{"id":500,"href":"https:\/\/obs.hr\/potres\/wp-json\/wp\/v2\/pages\/104\/revisions\/500"}],"wp:attachment":[{"href":"https:\/\/obs.hr\/potres\/wp-json\/wp\/v2\/media?parent=104"}],"curies":[{"name":"wp","href":"https:\/\/api.w.org\/{rel}","templated":true}]}}